{"id":15811,"date":"2021-07-21T12:30:36","date_gmt":"2021-07-21T17:30:36","guid":{"rendered":"https:\/\/www.ccsews.com\/?page_id=15811"},"modified":"2021-07-21T17:05:58","modified_gmt":"2021-07-21T22:05:58","slug":"brother-simply-applique-creative-applique-software","status":"publish","type":"page","link":"https:\/\/www.ccsews.com\/index.php\/brother-simply-applique-creative-applique-software\/","title":{"rendered":"Brother Simply Applique &#8211; Creative Applique Software"},"content":{"rendered":"<div id=\"mega-menu-wrap-max_mega_menu_7\" class=\"mega-menu-wrap\"><div class=\"mega-menu-toggle\"><div class=\"mega-toggle-blocks-left\"><\/div><div class=\"mega-toggle-blocks-center\"><\/div><div class=\"mega-toggle-blocks-right\"><div class='mega-toggle-block mega-menu-toggle-animated-block mega-toggle-block-0' id='mega-toggle-block-0'><button aria-label=\"Toggle Menu\" class=\"mega-toggle-animated mega-toggle-animated-slider\" type=\"button\" aria-haspopup=\"true\" aria-expanded=\"false\" aria-controls=\"mega-menu-max_mega_menu_7\">\n                  <span class=\"mega-toggle-animated-box\">\n                    <span class=\"mega-toggle-animated-inner\"><\/span>\n                  <\/span>\n                <\/button><\/div><\/div><\/div><ul id=\"mega-menu-max_mega_menu_7\" class=\"mega-menu max-mega-menu mega-menu-horizontal mega-no-js\" data-event=\"hover_intent\" data-effect=\"fade_up\" data-effect-speed=\"200\" data-effect-mobile=\"disabled\" data-effect-speed-mobile=\"0\" data-mobile-force-width=\"false\" data-second-click=\"go\" data-document-click=\"collapse\" data-vertical-behaviour=\"standard\" data-breakpoint=\"500\" data-unbind=\"true\" data-mobile-state=\"collapse_all\" data-mobile-direction=\"vertical\" data-hover-intent-timeout=\"300\" data-hover-intent-interval=\"100\"><li class=\"mega-menu-item mega-menu-item-type-post_type mega-menu-item-object-page mega-menu-item-1906\" id=\"mega-menu-item-1906\"><a class=\"mega-menu-link\" href=\"https:\/\/www.ccsews.com\/index.php\/baby-lock-software\/\">Baby Lock Software<\/a><\/li><li class=\"mega-menu-item mega-menu-item-type-post_type mega-menu-item-object-page mega-menu-item-14954\" id=\"mega-menu-item-14954\"><a class=\"mega-menu-link\" href=\"https:\/\/www.ccsews.com\/index.php\/brother-software-overview\/\">Brother Software<\/a><\/li><li class=\"mega-menu-item mega-menu-item-type-post_type mega-menu-item-object-page mega-menu-item-1905\" id=\"mega-menu-item-1905\"><a class=\"mega-menu-link\" href=\"https:\/\/www.ccsews.com\/index.php\/inspirationsoftware\/\">Dime Inspiration Software<\/a><\/li><li class=\"mega-menu-item mega-menu-item-type-post_type mega-menu-item-object-page mega-menu-item-13372\" id=\"mega-menu-item-13372\"><a class=\"mega-menu-link\" href=\"https:\/\/www.ccsews.com\/index.php\/floriani-software\/\">Floriani Software<\/a><\/li><\/ul><\/div>\n\n\n\n<section class=\"wp-block-ugb-container ugb-container ugb-e3714e9 ugb-container--v2 ugb-container--design-basic ugb-main-block ugb--has-custom-content-width\"><style>.ugb-e3714e9-wrapper.ugb-container__wrapper{border-radius:10px !important}.ugb-e3714e9.ugb-container > .ugb-inner-block{max-width:94% !important}@media screen and (min-width:768px){.ugb-e3714e9.ugb-container{margin-bottom:35px !important;padding-top:0px !important;padding-right:0px !important;padding-bottom:0px !important;padding-left:0px !important}}@media screen and (min-width:768px){.ugb-e3714e9 > .ugb-inner-block > .ugb-block-content > *{padding-top:30px !important;padding-bottom:30px !important;padding-right:30px !important;padding-left:30px !important}}<\/style><div class=\"ugb-inner-block\"><div class=\"ugb-block-content\"><div class=\"ugb-container__wrapper ugb-e3714e9-wrapper\"><div class=\"ugb-container__side\"><div class=\"ugb-container__content-wrapper ugb-e3714e9-content-wrapper\">\n<div id=\"section-g3b3aed\" class=\"wp-block-gutentor-e6 section-g3b3aed gutentor-element gutentor-element-image\"><div class=\"gutentor-element-image-box\"><div class=\"gutentor-image-thumb\"><img decoding=\"async\" class=\"normal-image\" src=\"https:\/\/www.ccsews.com\/wp-content\/uploads\/2021\/07\/mfglogo_brother.jpg\" alt=\"Brother Sewing, Quilting and Embroidery Machines\" \/><\/div><\/div><\/div>\n\n\n\n<h1 class=\"wp-block-heading\"><span style=\"color: #cf2e2e;\" class=\"ugb-highlight\">Brother Simply Applique &#8211; Creative Applique Software<\/span><\/h1>\n\n\n\n<p>Embroider custom appliqu\u00e9s from a huge selection of exceptional designs and options, and fall in love with the precision of ScanNCut integration.<\/p>\n\n\n\n<p><span style=\"color: #ffffff;\" class=\"ugb-highlight\">.<\/span><\/p>\n\n\n\n<div class=\"wp-block-kioken-wrapper kt-wrapper__0bc06c-29 mb-0 mb-tablet-0 mb-mobile-0 mt-0 mt-tablet-0 mt-mobile-0\" data-object-id=\"_0bc06c-29\"><div class=\"kt-inner\"><div class=\"kinetic has-padding has-small-padding has-margin\" style=\"margin-top:30px;margin-bottom:24px\">\n<div class=\"wp-block-kioken-rowlayout alignnone bust-out-none custom-topmargin\"><div id=\"kt-layout-id_9c9653-dd\" class=\"kio-row-layout-inner  kt-layout-id_9c9653-dd\"><div class=\"kt-row-column-wrap kt-has-2-columns kt-gutter-default kt-row-valign-top kio-row-layout-right-golden kt-tab-layout-inherit kt-m-colapse-left-to-right kt-mobile-layout-row kt-custom-first-width-40\">\n<div class=\"wp-block-kioken-column inner-column-1 kioken-column_32697f-42\"><div class=\"kt-inside-inner-col\" style=\"background-blend-mode:normal\"><div>\n<section id=\"section-51d2eead-bcbe-4e7b-9bad-23062b5391e4\" class=\"wp-block-gutentor-image-slider gutentor-section gutentor-image-slider imageSlider-template1\"><div class=\"gutentor-grid-item-wrap\"><div class=\"gutentor-slider-wrapper\" data-dots=\"false\" data-arrows=\"false\" data-infinite=\"false\" data-nextarrow=\"fas fa-angle-right\" data-prevarrow=\"fas fa-angle-left\" data-autoplay=\"true\" data-autoplayspeed=\"500\" data-fade=\"true\" data-speed=\"4000\"><div class=\"gutentor-slider-item\"><div class=\"gutentor-single-item gutentor-single-item-0\"><div class=\"gutentor-single-item-wrap\"><div class=\"gutentor-single-item-image-box\"><div class=\"gutentor-image-thumb\"><img decoding=\"async\" class=\"normal-image\" src=\"https:\/\/www.ccsews.com\/wp-content\/uploads\/2021\/07\/brother-simply-applique-creative-applique-software.jpg\" alt=\"Brother Simply Applique - Creative Applique Software\" \/><\/div><\/div><\/div><\/div><\/div><\/div><\/div><\/section>\n<\/div><\/div><\/div>\n\n\n\n<div class=\"wp-block-kioken-column inner-column-2 kioken-column_ad7ef8-ab align-self-center\"><div class=\"kt-inside-inner-col\" style=\"background-blend-mode:normal\"><div>\n<p><\/p>\n\n\n\n<p>Here is the software you have been waiting for! Make superb custom appliqu\u00e9s from a huge selection of exceptional designs and creative options. You will love the way Simply Appliqu\u00e9 fully integrates with the ScanNCut and ScanNCut2 so you can easily cut out your appliqu\u00e9s with ultimate precision.<\/p>\n\n\n\n<div class=\"alignwide wp-block-ugb-icon-list ugb-icon-list ugb-9dc00fd ugb-icon-list--v2 ugb-main-block ugb--has-custom-content-width\"><style>.ugb-9dc00fd li{font-family:\"Lato\",Sans-serif !important;font-size:16px !important;--icon-size:16px !important;margin-bottom:6px !important}.ugb-9dc00fd li::before{width:16px !important;height:16px !important;background-image:url('data:image\/svg+xml;base64,PHN2ZyBkYXRhLXByZWZpeD0iZmFzIiBkYXRhLWljb249ImFycm93LWNpcmNsZS1yaWdodCIgY2xhc3M9InN2Zy1pbmxpbmUtLWZhIGZhLWFycm93LWNpcmNsZS1yaWdodCBmYS13LTE2IiByb2xlPSJpbWciIHhtbG5zPSJodHRwOi8vd3d3LnczLm9yZy8yMDAwL3N2ZyIgdmlld0JveD0iMCAwIDUxMiA1MTIiIHN0eWxlPSJmaWxsOiAjY2YyZTJlICFpbXBvcnRhbnQ7IGNvbG9yOiAjY2YyZTJlICFpbXBvcnRhbnQiPjxwYXRoIGZpbGw9IiNjZjJlMmUiIGQ9Ik0yNTYgOGMxMzcgMCAyNDggMTExIDI0OCAyNDhTMzkzIDUwNCAyNTYgNTA0IDggMzkzIDggMjU2IDExOSA4IDI1NiA4em0tMjguOSAxNDMuNmw3NS41IDcyLjRIMTIwYy0xMy4zIDAtMjQgMTAuNy0yNCAyNHYxNmMwIDEzLjMgMTAuNyAyNCAyNCAyNGgxODIuNmwtNzUuNSA3Mi40Yy05LjcgOS4zLTkuOSAyNC44LS40IDM0LjNsMTEgMTAuOWM5LjQgOS40IDI0LjYgOS40IDMzLjkgMEw0MDQuMyAyNzNjOS40LTkuNCA5LjQtMjQuNiAwLTMzLjlMMjcxLjYgMTA2LjNjLTkuNC05LjQtMjQuNi05LjQtMzMuOSAwbC0xMSAxMC45Yy05LjUgOS42LTkuMyAyNS4xLjQgMzQuNHoiIHN0cm9rZT0iI2NmMmUyZSIgc3R5bGU9ImZpbGw6IHJnYigyMDcsIDQ2LCA0Nik7IHN0cm9rZTogcmdiKDIwNywgNDYsIDQ2KTsiLz48L3N2Zz4=')}.ugb-9dc00fd li ul{margin-bottom:6px !important}.ugb-9dc00fd.ugb-icon-list ul{columns:1}.ugb-9dc00fd .ugb-inner-block{text-align:left}.ugb-9dc00fd.ugb-icon-list{justify-content:flex-start}.ugb-9dc00fd.ugb-icon-list > .ugb-inner-block{max-width:100% !important}.ugb-9dc00fd .ugb-block-title{font-size:18px !important;color:#cf2e2e;margin-bottom:14px !important}@media screen and (min-width:768px){.ugb-9dc00fd.ugb-icon-list{margin-bottom:0px !important;padding-top:0px !important;padding-right:0px !important;padding-bottom:0px !important;padding-left:0px !important}}<\/style><div class=\"ugb-inner-block\"><h4 class=\"ugb-block-title\">Extensive Software Package<\/h4><div class=\"ugb-block-content\"><ul><li>Includes 12 appliqu\u00e9 fonts and 206 appliqu\u00e9 designs<\/li><li>Built-in embroidery accent designs and fonts<\/li><li>Merge your own designs from a variety of formats<\/li><li>Precision cut with ScanNCut\/ScanNCut 2[1]<\/li><li>Create appliqu\u00e9s from ScanNCut designs<\/li><li>Expansive editing capabilities<\/li><li>Garment templates<\/li><li>110-color thread chart<\/li><li>Fit-to-hoop and custom hoop size capability<\/li><li>Save work in a variety of file types<\/li><li>Compatible with most brand machines<\/li><li>Easy to use<\/li><\/ul><\/div><\/div><\/div>\n<\/div><\/div><\/div>\n<\/div><\/div><\/div>\n<\/div><\/div><\/div>\n\n\n\n<div class=\"wp-block-ugb-divider ugb-divider ugb-c4c33aa ugb-divider--v2 ugb-divider--design-basic ugb-main-block\"><style>.ugb-c4c33aa hr.ugb-divider__hr{background-color:#cf2e2e !important;width:100% !important;margin-left:auto !important;margin-right:auto !important}@media screen and (min-width:768px){.ugb-c4c33aa.ugb-divider{margin-top:0px !important;margin-bottom:0px !important;padding-top:0px !important;padding-bottom:0px !important}}<\/style><div class=\"ugb-inner-block\"><div class=\"ugb-block-content\"><hr class=\"ugb-divider__hr\"\/><\/div><\/div><\/div>\n\n\n\n<div class=\"alignwide wp-block-ugb-icon-list ugb-icon-list ugb-fd53a89 ugb-icon-list--v2 ugb-main-block ugb--has-custom-content-width\"><style>.ugb-fd53a89 li{font-family:\"Lato\",Sans-serif !important;font-size:16px !important;--icon-size:16px !important;margin-bottom:6px !important}.ugb-fd53a89 li::before{width:16px !important;height:16px !important;background-image:url('data:image\/svg+xml;base64,PHN2ZyBkYXRhLXByZWZpeD0iZmFzIiBkYXRhLWljb249ImFycm93LWNpcmNsZS1yaWdodCIgY2xhc3M9InN2Zy1pbmxpbmUtLWZhIGZhLWFycm93LWNpcmNsZS1yaWdodCBmYS13LTE2IiByb2xlPSJpbWciIHhtbG5zPSJodHRwOi8vd3d3LnczLm9yZy8yMDAwL3N2ZyIgdmlld0JveD0iMCAwIDUxMiA1MTIiIHN0eWxlPSJmaWxsOiAjY2YyZTJlICFpbXBvcnRhbnQ7IGNvbG9yOiAjY2YyZTJlICFpbXBvcnRhbnQiPjxwYXRoIGZpbGw9IiNjZjJlMmUiIGQ9Ik0yNTYgOGMxMzcgMCAyNDggMTExIDI0OCAyNDhTMzkzIDUwNCAyNTYgNTA0IDggMzkzIDggMjU2IDExOSA4IDI1NiA4em0tMjguOSAxNDMuNmw3NS41IDcyLjRIMTIwYy0xMy4zIDAtMjQgMTAuNy0yNCAyNHYxNmMwIDEzLjMgMTAuNyAyNCAyNCAyNGgxODIuNmwtNzUuNSA3Mi40Yy05LjcgOS4zLTkuOSAyNC44LS40IDM0LjNsMTEgMTAuOWM5LjQgOS40IDI0LjYgOS40IDMzLjkgMEw0MDQuMyAyNzNjOS40LTkuNCA5LjQtMjQuNiAwLTMzLjlMMjcxLjYgMTA2LjNjLTkuNC05LjQtMjQuNi05LjQtMzMuOSAwbC0xMSAxMC45Yy05LjUgOS42LTkuMyAyNS4xLjQgMzQuNHoiIHN0cm9rZT0iI2NmMmUyZSIgc3R5bGU9ImZpbGw6IHJnYigyMDcsIDQ2LCA0Nik7IHN0cm9rZTogcmdiKDIwNywgNDYsIDQ2KTsiLz48L3N2Zz4=')}.ugb-fd53a89 li ul{margin-bottom:6px !important}.ugb-fd53a89.ugb-icon-list ul{columns:1}.ugb-fd53a89 .ugb-inner-block{text-align:left}.ugb-fd53a89.ugb-icon-list{justify-content:flex-start}.ugb-fd53a89.ugb-icon-list > .ugb-inner-block{max-width:80% !important}.ugb-fd53a89 .ugb-block-title{font-size:18px !important;color:#cf2e2e;margin-bottom:14px !important}@media screen and (min-width:768px){.ugb-fd53a89.ugb-icon-list{margin-top:20px !important;margin-bottom:20px !important;padding-top:0px !important;padding-right:16px !important;padding-bottom:0px !important;padding-left:16px !important}}<\/style><div class=\"ugb-inner-block\"><h4 class=\"ugb-block-title\"> Main Features<\/h4><div class=\"ugb-block-content\"><ul><li>Expand your creative horizons with added built-in essentials: 12 appliqu\u00e9 fonts, 206 appliqu\u00e9 designs; 131 embroidery accent designs; 9 embroidery fonts; and 76 split letters.<\/li><li>Merge your own designs from a variety of formats with the built-in lettering, accent designs, and appliqu\u00e9 designs.<\/li><li>Get a realistic preview of every color-customized design. Our garment templates let you choose from the Brother 110 built-in thread colors, built-in fabrics, or import your own.<\/li><li>Automatically size your designs to fit virtually all hoop sizes and even create custom hoop sizes. Your software stays up-to-date and ready to create.<\/li><li>Save your work in a variety of file types, including the native format: BRF, or in your machine format so you can return to finish editing and designing at a later time. You can even choose another embroidery machine brand; our software is compatible with most.<\/li><li>Create appliqu\u00e9s files from native ScanNCut cut files such as .FCM or .SVG formats.<\/li><li>Save appliqu\u00e9 designs as .FCM files to be used as cut data in your ScanNCut machine to then cut out as precise appliqu\u00e9 pieces.<\/li><\/ul><\/div><\/div><\/div>\n\n\n\n<p> <\/p>\n<\/div><\/div><\/div><\/div><\/div><\/section>\n\n\n<div id=\"mega-menu-wrap-max_mega_menu_3\" class=\"mega-menu-wrap\"><div class=\"mega-menu-toggle\"><div class=\"mega-toggle-blocks-left\"><\/div><div class=\"mega-toggle-blocks-center\"><\/div><div class=\"mega-toggle-blocks-right\"><div class='mega-toggle-block mega-menu-toggle-animated-block mega-toggle-block-0' id='mega-toggle-block-0'><button aria-label=\"Toggle Menu\" class=\"mega-toggle-animated mega-toggle-animated-slider\" type=\"button\" aria-haspopup=\"true\" aria-expanded=\"false\" aria-controls=\"mega-menu-max_mega_menu_3\">\n                  <span class=\"mega-toggle-animated-box\">\n                    <span class=\"mega-toggle-animated-inner\"><\/span>\n                  <\/span>\n                <\/button><\/div><\/div><\/div><ul id=\"mega-menu-max_mega_menu_3\" class=\"mega-menu max-mega-menu mega-menu-horizontal mega-no-js\" data-event=\"hover_intent\" data-effect=\"fade_up\" data-effect-speed=\"200\" data-effect-mobile=\"disabled\" data-effect-speed-mobile=\"0\" data-mobile-force-width=\"false\" data-second-click=\"go\" data-document-click=\"collapse\" data-vertical-behaviour=\"standard\" data-breakpoint=\"500\" data-unbind=\"true\" data-mobile-state=\"collapse_all\" data-mobile-direction=\"vertical\" data-hover-intent-timeout=\"300\" data-hover-intent-interval=\"100\"><li class=\"mega-menu-item mega-menu-item-type-post_type mega-menu-item-object-page mega-align-bottom-left mega-menu-flyout mega-menu-item-14289\" id=\"mega-menu-item-14289\"><a class=\"mega-menu-link\" href=\"https:\/\/www.ccsews.com\/index.php\/cabinets\/\">Cabinets<\/a><\/li><li class=\"mega-menu-item mega-menu-item-type-post_type mega-menu-item-object-page mega-align-bottom-left mega-menu-flyout mega-menu-item-20503\" id=\"mega-menu-item-20503\"><a class=\"mega-menu-link\" href=\"https:\/\/www.ccsews.com\/index.php\/accuquilt-quilting-made-easy\/\">Cutters & Dies<\/a><\/li><li class=\"mega-menu-item mega-menu-item-type-post_type mega-menu-item-object-page mega-align-bottom-left mega-menu-flyout mega-menu-item-1812\" id=\"mega-menu-item-1812\"><a class=\"mega-menu-link\" href=\"https:\/\/www.ccsews.com\/index.php\/designs\/\">Designs<\/a><\/li><li class=\"mega-menu-item mega-menu-item-type-post_type mega-menu-item-object-page mega-align-bottom-left mega-menu-flyout mega-menu-item-15041\" id=\"mega-menu-item-15041\"><a class=\"mega-menu-link\" href=\"https:\/\/www.ccsews.com\/index.php\/fabrics\/\">Fabrics<\/a><\/li><li class=\"mega-menu-item mega-menu-item-type-post_type mega-menu-item-object-page mega-align-bottom-left mega-menu-flyout mega-menu-item-14865\" id=\"mega-menu-item-14865\"><a class=\"mega-menu-link\" href=\"https:\/\/www.ccsews.com\/index.php\/machines-sewing-quilting-embroidery-serger\/\">Machines<\/a><\/li><li class=\"mega-menu-item mega-menu-item-type-post_type mega-menu-item-object-page mega-align-bottom-left mega-menu-flyout mega-menu-item-1810\" id=\"mega-menu-item-1810\"><a class=\"mega-menu-link\" href=\"https:\/\/www.ccsews.com\/index.php\/software\/\">Software<\/a><\/li><li class=\"mega-menu-item mega-menu-item-type-post_type mega-menu-item-object-page mega-align-bottom-left mega-menu-flyout mega-menu-item-14964\" id=\"mega-menu-item-14964\"><a class=\"mega-menu-link\" href=\"https:\/\/www.ccsews.com\/index.php\/stabilizers-batting\/\">Stabilizer & Batting<\/a><\/li><li class=\"mega-menu-item mega-menu-item-type-post_type mega-menu-item-object-page mega-align-bottom-left mega-menu-flyout mega-menu-item-1929\" id=\"mega-menu-item-1929\"><a class=\"mega-menu-link\" href=\"https:\/\/www.ccsews.com\/index.php\/thread\/\">Thread<\/a><\/li><\/ul><\/div>\n\n\n\n<p><\/p>\n","protected":false},"excerpt":{"rendered":"","protected":false},"author":1,"featured_media":14829,"parent":0,"menu_order":0,"comment_status":"closed","ping_status":"closed","template":"","meta":{"kk_blocks_editor_width":"","_kiokenblocks_attr":"","_kiokenblocks_dimensions":"","footnotes":"","_links_to":"","_links_to_target":""},"class_list":["post-15811","page","type-page","status-publish","has-post-thumbnail","hentry"],"_links":{"self":[{"href":"https:\/\/www.ccsews.com\/index.php\/wp-json\/wp\/v2\/pages\/15811","targetHints":{"allow":["GET"]}}],"collection":[{"href":"https:\/\/www.ccsews.com\/index.php\/wp-json\/wp\/v2\/pages"}],"about":[{"href":"https:\/\/www.ccsews.com\/index.php\/wp-json\/wp\/v2\/types\/page"}],"author":[{"embeddable":true,"href":"https:\/\/www.ccsews.com\/index.php\/wp-json\/wp\/v2\/users\/1"}],"replies":[{"embeddable":true,"href":"https:\/\/www.ccsews.com\/index.php\/wp-json\/wp\/v2\/comments?post=15811"}],"version-history":[{"count":0,"href":"https:\/\/www.ccsews.com\/index.php\/wp-json\/wp\/v2\/pages\/15811\/revisions"}],"wp:featuredmedia":[{"embeddable":true,"href":"https:\/\/www.ccsews.com\/index.php\/wp-json\/wp\/v2\/media\/14829"}],"wp:attachment":[{"href":"https:\/\/www.ccsews.com\/index.php\/wp-json\/wp\/v2\/media?parent=15811"}],"curies":[{"name":"wp","href":"https:\/\/api.w.org\/{rel}","templated":true}]}}